{"id":26,"date":"2026-03-25T16:45:26","date_gmt":"2026-03-25T16:45:26","guid":{"rendered":"https:\/\/la-torse.under-construction.work\/?page_id=26"},"modified":"2026-03-26T20:40:49","modified_gmt":"2026-03-26T20:40:49","slug":"villa-la-torse","status":"publish","type":"page","link":"https:\/\/villa-la-torse.under-construction.work\/","title":{"rendered":"Villa La Torse"},"content":{"rendered":"\t\t<div data-elementor-type=\"wp-page\" data-elementor-id=\"26\" class=\"elementor elementor-26\" data-elementor-post-type=\"page\">\n\t\t\t\t<div class=\"elementor-element elementor-element-43327da e-con-full e-flex e-con e-parent\" data-id=\"43327da\" data-element_type=\"container\" data-e-type=\"container\" data-settings=\"{&quot;background_background&quot;:&quot;classic&quot;}\">\n\t\t\t\t<div class=\"elementor-element elementor-element-f731554 elementor-widget elementor-widget-heading\" data-id=\"f731554\" data-element_type=\"widget\" data-e-type=\"widget\" data-widget_type=\"heading.default\">\n\t\t\t\t\t<h1 class=\"elementor-heading-title elementor-size-default\">Villa La Torse<\/h1>\t\t\t\t<\/div>\n\t\t\t\t<div class=\"elementor-element elementor-element-6df1df5 elementor-widget elementor-widget-heading\" data-id=\"6df1df5\" data-element_type=\"widget\" data-e-type=\"widget\" data-widget_type=\"heading.default\">\n\t\t\t\t\t<h2 class=\"elementor-heading-title elementor-size-default\">Votre Location de Prestige \u00e0 Aix-en-Provence<\/h2>\t\t\t\t<\/div>\n\t\t\t\t<div class=\"elementor-element elementor-element-17ce1d2 elementor-align-center elementor-widget elementor-widget-button\" data-id=\"17ce1d2\" data-element_type=\"widget\" data-e-type=\"widget\" data-widget_type=\"button.default\">\n\t\t\t\t\t\t\t\t\t\t<a class=\"elementor-button elementor-button-link elementor-size-sm\" href=\"#\">\n\t\t\t\t\t\t<span class=\"elementor-button-content-wrapper\">\n\t\t\t\t\t\t<span class=\"elementor-button-icon\">\n\t\t\t\t<svg aria-hidden=\"true\" class=\"e-font-icon-svg e-far-calendar-alt\" viewBox=\"0 0 448 512\" xmlns=\"http:\/\/www.w3.org\/2000\/svg\"><path d=\"M148 288h-40c-6.6 0-12-5.4-12-12v-40c0-6.6 5.4-12 12-12h40c6.6 0 12 5.4 12 12v40c0 6.6-5.4 12-12 12zm108-12v-40c0-6.6-5.4-12-12-12h-40c-6.6 0-12 5.4-12 12v40c0 6.6 5.4 12 12 12h40c6.6 0 12-5.4 12-12zm96 0v-40c0-6.6-5.4-12-12-12h-40c-6.6 0-12 5.4-12 12v40c0 6.6 5.4 12 12 12h40c6.6 0 12-5.4 12-12zm-96 96v-40c0-6.6-5.4-12-12-12h-40c-6.6 0-12 5.4-12 12v40c0 6.6 5.4 12 12 12h40c6.6 0 12-5.4 12-12zm-96 0v-40c0-6.6-5.4-12-12-12h-40c-6.6 0-12 5.4-12 12v40c0 6.6 5.4 12 12 12h40c6.6 0 12-5.4 12-12zm192 0v-40c0-6.6-5.4-12-12-12h-40c-6.6 0-12 5.4-12 12v40c0 6.6 5.4 12 12 12h40c6.6 0 12-5.4 12-12zm96-260v352c0 26.5-21.5 48-48 48H48c-26.5 0-48-21.5-48-48V112c0-26.5 21.5-48 48-48h48V12c0-6.6 5.4-12 12-12h40c6.6 0 12 5.4 12 12v52h128V12c0-6.6 5.4-12 12-12h40c6.6 0 12 5.4 12 12v52h48c26.5 0 48 21.5 48 48zm-48 346V160H48v298c0 3.3 2.7 6 6 6h340c3.3 0 6-2.7 6-6z\"><\/path><\/svg>\t\t\t<\/span>\n\t\t\t\t\t\t\t\t\t<span class=\"elementor-button-text\">R\u00e9server mon s\u00e9jour<\/span>\n\t\t\t\t\t<\/span>\n\t\t\t\t\t<\/a>\n\t\t\t\t\t\t\t\t<\/div>\n\t\t\t\t<\/div>\n\t\t<div class=\"elementor-element elementor-element-141e1e6 e-con-full e-flex e-con e-parent\" data-id=\"141e1e6\" data-element_type=\"container\" data-e-type=\"container\" data-settings=\"{&quot;background_background&quot;:&quot;classic&quot;}\">\n\t\t<div class=\"elementor-element elementor-element-d529b72 e-con-full e-flex e-con e-child\" data-id=\"d529b72\" data-element_type=\"container\" data-e-type=\"container\">\n\t\t\t\t<div class=\"elementor-element elementor-element-0b234e6 elementor-widget elementor-widget-heading\" data-id=\"0b234e6\" data-element_type=\"widget\" data-e-type=\"widget\" data-widget_type=\"heading.default\">\n\t\t\t\t\t<h2 class=\"elementor-heading-title elementor-size-default\">Le sanctuaire<\/h2>\t\t\t\t<\/div>\n\t\t\t\t<div class=\"elementor-element elementor-element-273a760 elementor-widget elementor-widget-text-editor\" data-id=\"273a760\" data-element_type=\"widget\" data-e-type=\"widget\" data-widget_type=\"text-editor.default\">\n\t\t\t\t\t\t\t\t\t<p>Au c\u0153ur du quartier pris\u00e9 de La Torse, notre villa se d\u00e9voile comme un sanctuaire de lumi\u00e8re et de silence. Plus qu&rsquo;une simple r\u00e9sidence, c&rsquo;est une invitation \u00e0 suspendre le temps, \u00e0 seulement quelques minutes du centre historique d&rsquo;Aix-en-Provence.<\/p><p>Ici, l&rsquo;\u00e9l\u00e9gance architecturale rencontre la douceur du climat m\u00e9diterran\u00e9en. Entre le murmure de l&rsquo;eau et l&rsquo;ombre des essences locales, chaque espace a \u00e9t\u00e9 pens\u00e9 pour offrir une libert\u00e9 totale et une intimit\u00e9 sans compromis. Que ce soit pour une retraite paisible ou des moments de partage privil\u00e9gi\u00e9s, la villa devient le th\u00e9\u00e2tre exclusif de vos plus beaux souvenirs.<\/p>\t\t\t\t\t\t\t\t<\/div>\n\t\t\t\t<\/div>\n\t\t<div class=\"elementor-element elementor-element-026a9cd e-con-full maphoto1 e-flex e-con e-child\" data-id=\"026a9cd\" data-element_type=\"container\" data-e-type=\"container\" data-settings=\"{&quot;background_background&quot;:&quot;classic&quot;,&quot;motion_fx_motion_fx_scrolling&quot;:&quot;yes&quot;,&quot;motion_fx_devices&quot;:[&quot;desktop&quot;,&quot;tablet&quot;,&quot;mobile&quot;]}\">\n\t\t\t\t<\/div>\n\t\t\t\t<\/div>\n\t\t<div class=\"elementor-element elementor-element-de5e94e e-con-full e-flex e-con e-parent\" data-id=\"de5e94e\" data-element_type=\"container\" data-e-type=\"container\" data-settings=\"{&quot;background_background&quot;:&quot;classic&quot;,&quot;background_motion_fx_motion_fx_scrolling&quot;:&quot;yes&quot;,&quot;background_motion_fx_translateY_effect&quot;:&quot;yes&quot;,&quot;background_motion_fx_translateY_speed&quot;:{&quot;unit&quot;:&quot;px&quot;,&quot;size&quot;:3,&quot;sizes&quot;:[]},&quot;background_motion_fx_translateY_affectedRange&quot;:{&quot;unit&quot;:&quot;%&quot;,&quot;size&quot;:&quot;&quot;,&quot;sizes&quot;:{&quot;start&quot;:0,&quot;end&quot;:100}},&quot;background_motion_fx_devices&quot;:[&quot;desktop&quot;,&quot;tablet&quot;,&quot;mobile&quot;]}\">\n\t\t<div class=\"elementor-element elementor-element-3b11e58 e-con-full e-flex e-con e-child\" data-id=\"3b11e58\" data-element_type=\"container\" data-e-type=\"container\">\n\t\t<div class=\"elementor-element elementor-element-e1200bf e-con-full e-flex e-con e-child\" data-id=\"e1200bf\" data-element_type=\"container\" data-e-type=\"container\">\n\t\t\t\t<div class=\"elementor-element elementor-element-d62a851 elementor-view-default elementor-position-block-start elementor-mobile-position-block-start elementor-widget elementor-widget-icon-box\" data-id=\"d62a851\" data-element_type=\"widget\" data-e-type=\"widget\" data-widget_type=\"icon-box.default\">\n\t\t\t\t\t\t\t<div class=\"elementor-icon-box-wrapper\">\n\n\t\t\t\t\t\t<div class=\"elementor-icon-box-icon\">\n\t\t\t\t<span  class=\"elementor-icon\">\n\t\t\t\t<svg xmlns=\"http:\/\/www.w3.org\/2000\/svg\" viewBox=\"0 0 24 24\" width=\"50px\"><path d=\"M22.5 12c0 5.799-4.701 10.5-10.5 10.5S1.5 17.799 1.5 12 6.201 1.5 12 1.5 22.5 6.201 22.5 12m1.5 0c0-6.627-5.373-12-12-12S0 5.373 0 12s5.373 12 12 12 12-5.373 12-12m-9.75-1.5a1.5 1.5 0 0 1-1.5 1.5H10.5l.75.75v-4.5L10.5 9h2.25a1.5 1.5 0 0 1 1.5 1.5m1.5 0a3 3 0 0 0-3-3H10.5a.75.75 0 0 0-.75.75v4.5c0 .414.336.75.75.75h2.25a3 3 0 0 0 3-3m-4.5 6.75v-4.5a.75.75 0 0 0-1.5 0v4.5a.75.75 0 0 0 1.5 0\"><\/path><\/svg>\t\t\t\t<\/span>\n\t\t\t<\/div>\n\t\t\t\n\t\t\t\t\t\t<div class=\"elementor-icon-box-content\">\n\n\t\t\t\t\t\t\t\t\t<h3 class=\"elementor-icon-box-title\">\n\t\t\t\t\t\t<span  >\n\t\t\t\t\t\t\tIntimit\u00e9<br>&amp; S\u00e9curit\u00e9\t\t\t\t\t\t<\/span>\n\t\t\t\t\t<\/h3>\n\t\t\t\t\n\t\t\t\t\t\t\t\t\t<p class=\"elementor-icon-box-description\">\n\t\t\t\t\t\tUne propri\u00e9t\u00e9 enti\u00e8rement close, sans vis-\u00e0-vis, situ\u00e9e dans le quartier le plus calme d'Aix-en-Provence appel\u00e9 La Torse. Acc\u00e8s s\u00e9curis\u00e9 et parking priv\u00e9 pour une tranquillit\u00e9 absolue.\t\t\t\t\t<\/p>\n\t\t\t\t\n\t\t\t<\/div>\n\t\t\t\n\t\t<\/div>\n\t\t\t\t\t\t<\/div>\n\t\t\t\t<\/div>\n\t\t<div class=\"elementor-element elementor-element-aca590f e-con-full e-flex e-con e-child\" data-id=\"aca590f\" data-element_type=\"container\" data-e-type=\"container\">\n\t\t\t\t<div class=\"elementor-element elementor-element-0af5942 elementor-view-default elementor-position-block-start elementor-mobile-position-block-start elementor-widget elementor-widget-icon-box\" data-id=\"0af5942\" data-element_type=\"widget\" data-e-type=\"widget\" data-widget_type=\"icon-box.default\">\n\t\t\t\t\t\t\t<div class=\"elementor-icon-box-wrapper\">\n\n\t\t\t\t\t\t<div class=\"elementor-icon-box-icon\">\n\t\t\t\t<span  class=\"elementor-icon\">\n\t\t\t\t<svg xmlns=\"http:\/\/www.w3.org\/2000\/svg\" viewBox=\"0 0 24 24\" width=\"50px\"><path d=\"M21.75 5.25a2.25 2.25 0 1 1-4.5 0 2.25 2.25 0 0 1 4.5 0m1.5 0a3.75 3.75 0 1 0-7.5 0 3.75 3.75 0 0 0 7.5 0m-6.182 15.093.188 1.5A.75.75 0 0 0 18 22.5h3a.75.75 0 0 0 .744-.657l.75-6-.744.657h1.5a.75.75 0 0 0 .75-.75V13.5a4.5 4.5 0 0 0-7.2-3.6.75.75 0 1 0 .9 1.2 3 3 0 0 1 4.8 2.4v2.25l.75-.75h-1.5a.75.75 0 0 0-.744.657l-.75 6L21 21h-3l.744.657-.188-1.5a.75.75 0 0 0-1.488.186M6.75 5.25a2.25 2.25 0 1 1-4.5 0 2.25 2.25 0 0 1 4.5 0m1.5 0a3.75 3.75 0 1 0-7.5 0 3.75 3.75 0 0 0 7.5 0M5.444 20.157l-.188 1.5L6 21H3l.744.657-.75-6A.75.75 0 0 0 2.25 15H.75l.75.75V13.5a3 3 0 0 1 4.8-2.4.75.75 0 1 0 .9-1.2A4.5 4.5 0 0 0 0 13.5v2.25c0 .414.336.75.75.75h1.5l-.744-.657.75 6A.75.75 0 0 0 3 22.5h3a.75.75 0 0 0 .744-.657l.188-1.5a.75.75 0 0 0-1.488-.186M13.5 9a1.5 1.5 0 1 1-3 0 1.5 1.5 0 0 1 3 0M15 9a3 3 0 1 0-6 0 3 3 0 0 0 6 0m-3 3a4.5 4.5 0 0 0-4.5 4.5v.75c0 .414.336.75.75.75h1.5l-.74-.627.75 4.5a.75.75 0 0 0 .74.627H12a.75.75 0 0 0 0-1.5h-1.5l.74.627-.75-4.5a.75.75 0 0 0-.74-.627h-1.5l.75.75v-.75a3 3 0 0 1 3-3 .75.75 0 0 0 0-1.5m0 1.5a3 3 0 0 1 3 3v.75l.75-.75h-1.5a.75.75 0 0 0-.74.627l-.75 4.5.74-.627H12a.75.75 0 0 0 0 1.5h1.5a.75.75 0 0 0 .74-.627l.75-4.5-.74.627h1.5a.75.75 0 0 0 .75-.75v-.75A4.5 4.5 0 0 0 12 12a.75.75 0 0 0 0 1.5\"><\/path><\/svg>\t\t\t\t<\/span>\n\t\t\t<\/div>\n\t\t\t\n\t\t\t\t\t\t<div class=\"elementor-icon-box-content\">\n\n\t\t\t\t\t\t\t\t\t<h3 class=\"elementor-icon-box-title\">\n\t\t\t\t\t\t<span  >\n\t\t\t\t\t\t\tL'Espace &amp; La R\u00e9ception\t\t\t\t\t\t<\/span>\n\t\t\t\t\t<\/h3>\n\t\t\t\t\n\t\t\t\t\t\t\t\t\t<p class=\"elementor-icon-box-description\">\n\t\t\t\t\t\tUne architecture pens\u00e9e pour la convivialit\u00e9 et l'intimit\u00e9. La villa dispose de 5 suites spacieuses offrant un confort absolu pour accueillir jusqu'\u00e0 10 convives, garantissant \u00e0 chacun un espace de s\u00e9r\u00e9nit\u00e9 pr\u00e9serv\u00e9.\t\t\t\t\t<\/p>\n\t\t\t\t\n\t\t\t<\/div>\n\t\t\t\n\t\t<\/div>\n\t\t\t\t\t\t<\/div>\n\t\t\t\t<\/div>\n\t\t<div class=\"elementor-element elementor-element-931d79d e-con-full e-flex e-con e-child\" data-id=\"931d79d\" data-element_type=\"container\" data-e-type=\"container\">\n\t\t\t\t<div class=\"elementor-element elementor-element-bc01a2a elementor-view-default elementor-position-block-start elementor-mobile-position-block-start elementor-widget elementor-widget-icon-box\" data-id=\"bc01a2a\" data-element_type=\"widget\" data-e-type=\"widget\" data-widget_type=\"icon-box.default\">\n\t\t\t\t\t\t\t<div class=\"elementor-icon-box-wrapper\">\n\n\t\t\t\t\t\t<div class=\"elementor-icon-box-icon\">\n\t\t\t\t<span  class=\"elementor-icon\">\n\t\t\t\t<svg xmlns=\"http:\/\/www.w3.org\/2000\/svg\" viewBox=\"0 0 24 24\" width=\"50px\"><path d=\"M23.097 21.71c-.896.187-1.71-.114-2.442-.76a4.6 4.6 0 0 1-.74-.837.75.75 0 0 0-1.272-.004 3.56 3.56 0 0 1-2.925 1.661 2.98 2.98 0 0 1-2.559-1.608.75.75 0 0 0-1.26-.11 4.42 4.42 0 0 1-3.286 1.719c-1.121-.058-2.216-.68-2.876-1.677a.75.75 0 0 0-1.214-.05 6.2 6.2 0 0 1-1.125 1.033c-.833.588-1.677.85-2.49.675a.75.75 0 1 0-.315 1.466c1.285.276 2.526-.107 3.67-.915a7 7 0 0 0 1.438-1.33l-1.214-.05a5.26 5.26 0 0 0 4.126 2.346c1.807-.084 3.417-.926 4.476-2.303l-1.26-.11a4.49 4.49 0 0 0 3.892 2.414 5.07 5.07 0 0 0 4.192-2.361l-1.272-.004c.192.308.533.739 1.022 1.17 1.057.931 2.32 1.4 3.74 1.104a.75.75 0 0 0-.306-1.468zm0-4.5c-.896.187-1.71-.114-2.442-.76a4.6 4.6 0 0 1-.74-.837.75.75 0 0 0-1.272-.004 3.56 3.56 0 0 1-2.925 1.661 2.98 2.98 0 0 1-2.559-1.608.75.75 0 0 0-1.26-.11 4.42 4.42 0 0 1-3.286 1.719c-1.121-.058-2.216-.68-2.876-1.677a.75.75 0 0 0-1.214-.05 6.2 6.2 0 0 1-1.125 1.033c-.833.588-1.677.85-2.49.675a.75.75 0 1 0-.315 1.466c1.285.276 2.526-.107 3.67-.915a7 7 0 0 0 1.438-1.33l-1.214-.05a5.26 5.26 0 0 0 4.126 2.346c1.807-.084 3.417-.926 4.476-2.303l-1.26-.11a4.49 4.49 0 0 0 3.892 2.414 5.07 5.07 0 0 0 4.192-2.361l-1.272-.004c.192.308.533.739 1.022 1.17 1.057.931 2.32 1.4 3.74 1.104a.75.75 0 0 0-.306-1.468zm-1.722-8.64a1.875 1.875 0 1 1-3.75 0 1.875 1.875 0 0 1 3.75 0m1.5 0a3.375 3.375 0 1 0-6.75 0 3.375 3.375 0 0 0 6.75 0M7.777 14.636l3.831-2.4a.75.75 0 0 0 .166-1.13L8.964 7.9a2.25 2.25 0 0 1 .687-3.494l4.264-2.135a.751.751 0 1 1 .686 1.333l-.01.006-3.405 1.702a1.502 1.502 0 0 0-.448 2.334l5.375 6.142a.75.75 0 1 0 1.128-.988l-5.377-6.145-.002-.003v-.001l3.394-1.697.027-.013A2.25 2.25 0 0 0 13.238.93L8.98 3.065a3.75 3.75 0 0 0-1.144 5.824l2.81 3.206.166-1.13-3.831 2.4a.75.75 0 0 0 .796 1.272z\"><\/path><\/svg>\t\t\t\t<\/span>\n\t\t\t<\/div>\n\t\t\t\n\t\t\t\t\t\t<div class=\"elementor-icon-box-content\">\n\n\t\t\t\t\t\t\t\t\t<h3 class=\"elementor-icon-box-title\">\n\t\t\t\t\t\t<span  >\n\t\t\t\t\t\t\tEspaces de Vie &amp; D\u00e9tente\t\t\t\t\t\t<\/span>\n\t\t\t\t\t<\/h3>\n\t\t\t\t\n\t\t\t\t\t\t\t\t\t<p class=\"elementor-icon-box-description\">\n\t\t\t\t\t\tUne piscine de [dimensions] trait\u00e9e au sel, entour\u00e9e d'une terrasse en bois exotique et de bains de soleil haut de gamme. Jardin paysager aux essences proven\u00e7ales.\t\t\t\t\t<\/p>\n\t\t\t\t\n\t\t\t<\/div>\n\t\t\t\n\t\t<\/div>\n\t\t\t\t\t\t<\/div>\n\t\t\t\t<\/div>\n\t\t<div class=\"elementor-element elementor-element-976eef1 e-con-full e-flex e-con e-child\" data-id=\"976eef1\" data-element_type=\"container\" data-e-type=\"container\">\n\t\t\t\t<div class=\"elementor-element elementor-element-c5828db elementor-view-default elementor-position-block-start elementor-mobile-position-block-start elementor-widget elementor-widget-icon-box\" data-id=\"c5828db\" data-element_type=\"widget\" data-e-type=\"widget\" data-widget_type=\"icon-box.default\">\n\t\t\t\t\t\t\t<div class=\"elementor-icon-box-wrapper\">\n\n\t\t\t\t\t\t<div class=\"elementor-icon-box-icon\">\n\t\t\t\t<span  class=\"elementor-icon\">\n\t\t\t\t<svg xmlns=\"http:\/\/www.w3.org\/2000\/svg\" viewBox=\"0 0 24 24\" width=\"50px\"><path d=\"M14.25 18.75a2.25 2.25 0 1 1-4.5 0 2.25 2.25 0 0 1 4.5 0m1.5 0a3.75 3.75 0 1 0-7.5 0 3.75 3.75 0 0 0 7.5 0m2.08-5.833a8.25 8.25 0 0 0-11.666 0 .75.75 0 0 0 1.06 1.06 6.75 6.75 0 0 1 9.546 0 .75.75 0 0 0 1.06-1.06m3.185-3.182c-4.979-4.98-13.051-4.98-18.03 0a.75.75 0 1 0 1.06 1.06c4.394-4.393 11.516-4.393 15.91 0a.75.75 0 1 0 1.06-1.06m2.746-3.603C17.136-.043 6.864-.043.24 6.132A.75.75 0 1 0 1.26 7.23c6.05-5.638 15.429-5.638 21.478 0a.75.75 0 0 0 1.022-1.098z\"><\/path><\/svg>\t\t\t\t<\/span>\n\t\t\t<\/div>\n\t\t\t\n\t\t\t\t\t\t<div class=\"elementor-icon-box-content\">\n\n\t\t\t\t\t\t\t\t\t<h3 class=\"elementor-icon-box-title\">\n\t\t\t\t\t\t<span  >\n\t\t\t\t\t\t\tTechnologie &amp; Connectivit\u00e9\t\t\t\t\t\t<\/span>\n\t\t\t\t\t<\/h3>\n\t\t\t\t\n\t\t\t\t\t\t\t\t\t<p class=\"elementor-icon-box-description\">\n\t\t\t\t\t\tWi-Fi haut d\u00e9bit par fibre optique, syst\u00e8me de climatisation r\u00e9versible gainable dans toutes les pi\u00e8ces et domotique intuitive pour un contr\u00f4le total de votre environnement.\t\t\t\t\t<\/p>\n\t\t\t\t\n\t\t\t<\/div>\n\t\t\t\n\t\t<\/div>\n\t\t\t\t\t\t<\/div>\n\t\t\t\t<\/div>\n\t\t\t\t<\/div>\n\t\t\t\t<\/div>\n\t\t<div class=\"elementor-element elementor-element-e627f93 e-con-full e-flex e-con e-parent\" data-id=\"e627f93\" data-element_type=\"container\" data-e-type=\"container\" data-settings=\"{&quot;background_background&quot;:&quot;classic&quot;}\">\n\t\t<div class=\"elementor-element elementor-element-7484587 e-con-full ma-photo2 skip-lazy cadre-parallax e-flex e-con e-child\" data-id=\"7484587\" data-element_type=\"container\" data-e-type=\"container\" data-settings=\"{&quot;background_background&quot;:&quot;classic&quot;,&quot;background_motion_fx_motion_fx_scrolling&quot;:&quot;yes&quot;,&quot;background_motion_fx_translateX_effect&quot;:&quot;yes&quot;,&quot;background_motion_fx_translateX_speed&quot;:{&quot;unit&quot;:&quot;px&quot;,&quot;size&quot;:3,&quot;sizes&quot;:[]},&quot;background_motion_fx_translateX_affectedRange&quot;:{&quot;unit&quot;:&quot;%&quot;,&quot;size&quot;:&quot;&quot;,&quot;sizes&quot;:{&quot;start&quot;:0,&quot;end&quot;:100}},&quot;background_motion_fx_devices&quot;:[&quot;desktop&quot;,&quot;tablet&quot;,&quot;mobile&quot;]}\">\n\t\t\t\t<\/div>\n\t\t<div class=\"elementor-element elementor-element-74fa854 e-con-full e-flex e-con e-child\" data-id=\"74fa854\" data-element_type=\"container\" data-e-type=\"container\">\n\t\t\t\t<div class=\"elementor-element elementor-element-2d1b624 elementor-widget elementor-widget-heading\" data-id=\"2d1b624\" data-element_type=\"widget\" data-e-type=\"widget\" data-widget_type=\"heading.default\">\n\t\t\t\t\t<h2 class=\"elementor-heading-title elementor-size-default\">Un refuge d'exception aux portes d'Aix-en-Provence<\/h2>\t\t\t\t<\/div>\n\t\t\t\t<div class=\"elementor-element elementor-element-6aba547 elementor-widget elementor-widget-text-editor\" data-id=\"6aba547\" data-element_type=\"widget\" data-e-type=\"widget\" data-widget_type=\"text-editor.default\">\n\t\t\t\t\t\t\t\t\t<p>Situ\u00e9e au c\u0153ur du quartier r\u00e9sidentiel pris\u00e9 de La Torse, notre villa se d\u00e9voile comme un v\u00e9ritable sanctuaire de s\u00e9r\u00e9nit\u00e9 pour vos s\u00e9jours en Provence. Pens\u00e9e pour la convivialit\u00e9 et l&rsquo;intimit\u00e9, cette demeure de prestige peut accueillir jusqu&rsquo;\u00e0 10 personnes gr\u00e2ce \u00e0 ses 5 suites spacieuses, chacune disposant de sa propre salle de bains privative pour un confort absolu.<\/p><p>L&rsquo;architecture de la villa fait la part belle \u00e0 la lumi\u00e8re, avec un vaste salon invitant \u00e0 la d\u00e9tente et une cuisine enti\u00e8rement \u00e9quip\u00e9e ouverte sur un coin repas raffin\u00e9. \u00c0 l&rsquo;ext\u00e9rieur, le jardin paysager aux essences locales abrite une piscine priv\u00e9e bord\u00e9e d&rsquo;une terrasse ensoleill\u00e9e, o\u00f9 un espace barbecue et un mobilier de jardin haut de gamme vous attendent pour vos soir\u00e9es d&rsquo;\u00e9t\u00e9.<\/p><p>Id\u00e9alement plac\u00e9e pour explorer la r\u00e9gion, la Villa La Torse offre le calme absolu \u00e0 quelques minutes seulement du centre historique d&rsquo;Aix-en-Provence. Sa situation strat\u00e9gique permet de rejoindre facilement l&rsquo;A\u00e9roport de Marseille-Provence (29 km), tandis que les rives du Vieux-Port et les terrasses de Marseille se situent \u00e0 une trentaine de kilom\u00e8tres. De la connexion Wi-Fi haut d\u00e9bit au linge de maison de qualit\u00e9, chaque d\u00e9tail a \u00e9t\u00e9 soign\u00e9 pour vous offrir une escale proven\u00e7ale inoubliable, entre luxe discret et douceur de vivre.<\/p>\t\t\t\t\t\t\t\t<\/div>\n\t\t\t\t<\/div>\n\t\t\t\t<\/div>\n\t\t<div class=\"elementor-element elementor-element-4012adf e-flex e-con-boxed e-con e-parent\" data-id=\"4012adf\" data-element_type=\"container\" data-e-type=\"container\">\n\t\t\t\t\t<div class=\"e-con-inner\">\n\t\t\t\t<div class=\"elementor-element elementor-element-0d4643a elementor-widget elementor-widget-html\" data-id=\"0d4643a\" data-element_type=\"widget\" data-e-type=\"widget\" data-widget_type=\"html.default\">\n\t\t\t\t\t<script>\nwindow.addEventListener('scroll', function() {\n    \/\/ Calcul de la position de d\u00e9filement (divis\u00e9 pour la douceur)\n    let offset = window.pageYOffset \/ 10; \n\n    \/\/ TRAITEMENT DE MAPHOTO1 (Fond vers la DROITE)\n    let container1 = document.querySelector('.maphoto1');\n    if (container1) {\n        \/\/ On part d'un d\u00e9calage \u00e0 gauche (-50px) et on progresse vers la droite (-)\n        let moveX1 = -100 + offset;\n        container1.style.backgroundPositionX = moveX1 + 'px';\n    }\n\n    \/\/ TRAITEMENT DE MA-PHOTO2 (Si c'est aussi un fond, vers la GAUCHE)\n    let container2 = document.querySelector('.ma-photo2');\n    if (container2) {\n        \/\/ On part d'un d\u00e9calage \u00e0 droite (50px) et on progresse vers la gauche (-)\n        let moveX2 = 50 - offset;\n        container2.style.backgroundPositionX = moveX2 + 'px';\n    }\n});\n<\/script>\t\t\t\t<\/div>\n\t\t\t\t\t<\/div>\n\t\t\t\t<\/div>\n\t\t\t\t<\/div>\n\t\t","protected":false},"excerpt":{"rendered":"<p>Villa La Torse Votre Location de Prestige \u00e0 Aix-en-Provence R\u00e9server mon s\u00e9jour Le sanctuaire Au c\u0153ur du quartier pris\u00e9 de La Torse, notre villa se d\u00e9voile comme un sanctuaire de lumi\u00e8re et de silence. Plus qu&rsquo;une simple r\u00e9sidence, c&rsquo;est une invitation \u00e0 suspendre le temps, \u00e0 seulement quelques minutes du centre historique d&rsquo;Aix-en-Provence. Ici, l&rsquo;\u00e9l\u00e9gance [&hellip;]<\/p>\n","protected":false},"author":1,"featured_media":0,"parent":0,"menu_order":0,"comment_status":"closed","ping_status":"closed","template":"page-templates\/fullwidth-content.php","meta":{"footnotes":""},"class_list":["post-26","page","type-page","status-publish","hentry"],"_links":{"self":[{"href":"https:\/\/villa-la-torse.under-construction.work\/index.php\/wp-json\/wp\/v2\/pages\/26","targetHints":{"allow":["GET"]}}],"collection":[{"href":"https:\/\/villa-la-torse.under-construction.work\/index.php\/wp-json\/wp\/v2\/pages"}],"about":[{"href":"https:\/\/villa-la-torse.under-construction.work\/index.php\/wp-json\/wp\/v2\/types\/page"}],"author":[{"embeddable":true,"href":"https:\/\/villa-la-torse.under-construction.work\/index.php\/wp-json\/wp\/v2\/users\/1"}],"replies":[{"embeddable":true,"href":"https:\/\/villa-la-torse.under-construction.work\/index.php\/wp-json\/wp\/v2\/comments?post=26"}],"version-history":[{"count":307,"href":"https:\/\/villa-la-torse.under-construction.work\/index.php\/wp-json\/wp\/v2\/pages\/26\/revisions"}],"predecessor-version":[{"id":431,"href":"https:\/\/villa-la-torse.under-construction.work\/index.php\/wp-json\/wp\/v2\/pages\/26\/revisions\/431"}],"wp:attachment":[{"href":"https:\/\/villa-la-torse.under-construction.work\/index.php\/wp-json\/wp\/v2\/media?parent=26"}],"curies":[{"name":"wp","href":"https:\/\/api.w.org\/{rel}","templated":true}]}}